{"id":23776,"date":"2023-07-24T11:54:28","date_gmt":"2023-07-24T11:54:28","guid":{"rendered":"https:\/\/www.igrejadagraca.pt\/?page_id=23776"},"modified":"2025-12-09T16:52:36","modified_gmt":"2025-12-09T16:52:36","slug":"exposicoes","status":"publish","type":"page","link":"https:\/\/igrejadagraca.pt\/en\/exposicoes\/","title":{"rendered":"Exhibitions"},"content":{"rendered":"<div data-elementor-type=\"wp-page\" data-elementor-id=\"23776\" class=\"elementor elementor-23776\">\n\t\t\t\t\t\t<section class=\"elementor-section elementor-top-section elementor-element elementor-element-44bca6d scheme_light elementor-section-boxed elementor-section-height-default elementor-section-height-default sc_fly_static\" data-id=\"44bca6d\" data-element_type=\"section\" data-e-type=\"section\" data-settings=\"{&quot;background_background&quot;:&quot;classic&quot;}\">\n\t\t\t\t\t\t<div class=\"elementor-container elementor-column-gap-default\">\n\t\t\t\t\t<div class=\"elementor-column elementor-col-100 elementor-top-column elementor-element elementor-element-5aa190a sc_inner_width_none sc_content_align_inherit sc_layouts_column_icons_position_left sc_fly_static\" data-id=\"5aa190a\" data-element_type=\"column\" data-e-type=\"column\">\n\t\t\t<div class=\"elementor-widget-wrap elementor-element-populated\">\n\t\t\t\t\t\t<div class=\"elementor-element elementor-element-661c72f sc_height_huge sc_fly_static elementor-widget elementor-widget-spacer\" data-id=\"661c72f\" data-element_type=\"widget\" data-e-type=\"widget\" data-widget_type=\"spacer.default\">\n\t\t\t\t<div class=\"elementor-widget-container\">\n\t\t\t\t\t\t\t<div class=\"elementor-spacer\">\n\t\t\t<div class=\"elementor-spacer-inner\"><\/div>\n\t\t<\/div>\n\t\t\t\t\t\t<\/div>\n\t\t\t\t<\/div>\n\t\t\t\t<section class=\"elementor-section elementor-inner-section elementor-element elementor-element-630f521 sc_layouts_hide_on_tablet sc_layouts_hide_on_mobile elementor-section-boxed elementor-section-height-default elementor-section-height-default sc_fly_static\" data-id=\"630f521\" data-element_type=\"section\" data-e-type=\"section\">\n\t\t\t\t\t\t<div class=\"elementor-container elementor-column-gap-no\">\n\t\t\t\t\t<div class=\"elementor-column elementor-col-50 elementor-inner-column elementor-element elementor-element-852af46 sc_inner_width_none sc_content_align_inherit sc_layouts_column_icons_position_left sc_fly_static\" data-id=\"852af46\" data-element_type=\"column\" data-e-type=\"column\">\n\t\t\t<div class=\"elementor-widget-wrap elementor-element-populated\">\n\t\t\t\t\t\t<div class=\"elementor-element elementor-element-107c992 sc_fly_static elementor-widget elementor-widget-trx_sc_title\" data-id=\"107c992\" data-element_type=\"widget\" data-e-type=\"widget\" data-widget_type=\"trx_sc_title.default\">\n\t\t\t\t<div class=\"elementor-widget-container\">\n\t\t\t\t\t<div\t\tclass=\"sc_title sc_title_default\" ><span class=\"sc_item_subtitle sc_title_subtitle sc_item_subtitle_above sc_item_title_style_default\">Exhibitions<\/span><h2 class=\"sc_item_title sc_title_title sc_item_title_style_default\"\n\t\t\t><span class=\"sc_item_title_text\">Art in a unique place<\/span><\/h2><\/div>\t\t\t\t<\/div>\n\t\t\t\t<\/div>\n\t\t\t\t\t<\/div>\n\t\t<\/div>\n\t\t\t\t<div class=\"elementor-column elementor-col-50 elementor-inner-column elementor-element elementor-element-b4255da sc_inner_width_none sc_content_align_inherit sc_layouts_column_icons_position_left sc_fly_static\" data-id=\"b4255da\" data-element_type=\"column\" data-e-type=\"column\">\n\t\t\t<div class=\"elementor-widget-wrap\">\n\t\t\t\t\t\t\t<\/div>\n\t\t<\/div>\n\t\t\t\t\t<\/div>\n\t\t<\/section>\n\t\t\t\t<div class=\"elementor-element elementor-element-18ce635 sc_layouts_hide_on_tablet sc_layouts_hide_on_mobile sc_fly_static elementor-widget elementor-widget-spacer\" data-id=\"18ce635\" data-element_type=\"widget\" data-e-type=\"widget\" data-widget_type=\"spacer.default\">\n\t\t\t\t<div class=\"elementor-widget-container\">\n\t\t\t\t\t\t\t<div class=\"elementor-spacer\">\n\t\t\t<div class=\"elementor-spacer-inner\"><\/div>\n\t\t<\/div>\n\t\t\t\t\t\t<\/div>\n\t\t\t\t<\/div>\n\t\t\t\t<section class=\"elementor-section elementor-inner-section elementor-element elementor-element-8fd7145 elementor-section-boxed elementor-section-height-default elementor-section-height-default sc_fly_static\" data-id=\"8fd7145\" data-element_type=\"section\" data-e-type=\"section\">\n\t\t\t\t\t\t<div class=\"elementor-container elementor-column-gap-no\">\n\t\t\t\t\t<div class=\"elementor-column elementor-col-33 elementor-inner-column elementor-element elementor-element-0af42b6 sc_inner_width_none sc_content_align_inherit sc_layouts_column_icons_position_left sc_fly_static\" data-id=\"0af42b6\" data-element_type=\"column\" data-e-type=\"column\">\n\t\t\t<div class=\"elementor-widget-wrap elementor-element-populated\">\n\t\t\t\t\t\t<div class=\"elementor-element elementor-element-93bb77c sc_layouts_hide_on_wide sc_layouts_hide_on_desktop sc_layouts_hide_on_notebook sc_fly_static elementor-widget elementor-widget-trx_sc_title\" data-id=\"93bb77c\" data-element_type=\"widget\" data-e-type=\"widget\" data-widget_type=\"trx_sc_title.default\">\n\t\t\t\t<div class=\"elementor-widget-container\">\n\t\t\t\t\t<div\t\tclass=\"sc_title sc_title_default\" ><span class=\"sc_item_subtitle sc_title_subtitle sc_item_subtitle_above sc_item_title_style_default\">bienal<\/span><h2 class=\"sc_item_title sc_title_title sc_item_title_style_default\"\n\t\t\t><span class=\"sc_item_title_text\">Art in a unique place<\/span><\/h2><\/div>\t\t\t\t<\/div>\n\t\t\t\t<\/div>\n\t\t\t\t<div class=\"elementor-element elementor-element-1ab58fb sc_layouts_hide_on_wide sc_layouts_hide_on_desktop sc_layouts_hide_on_notebook sc_fly_static elementor-widget elementor-widget-spacer\" data-id=\"1ab58fb\" data-element_type=\"widget\" data-e-type=\"widget\" data-widget_type=\"spacer.default\">\n\t\t\t\t<div class=\"elementor-widget-container\">\n\t\t\t\t\t\t\t<div class=\"elementor-spacer\">\n\t\t\t<div class=\"elementor-spacer-inner\"><\/div>\n\t\t<\/div>\n\t\t\t\t\t\t<\/div>\n\t\t\t\t<\/div>\n\t\t\t\t<div class=\"elementor-element elementor-element-a741146 sc_height_medium sc_layouts_hide_on_tablet sc_layouts_hide_on_mobile sc_fly_static elementor-widget elementor-widget-spacer\" data-id=\"a741146\" data-element_type=\"widget\" data-e-type=\"widget\" data-widget_type=\"spacer.default\">\n\t\t\t\t<div class=\"elementor-widget-container\">\n\t\t\t\t\t\t\t<div class=\"elementor-spacer\">\n\t\t\t<div class=\"elementor-spacer-inner\"><\/div>\n\t\t<\/div>\n\t\t\t\t\t\t<\/div>\n\t\t\t\t<\/div>\n\t\t\t\t<div class=\"elementor-element elementor-element-d8a87d1 sc_fly_static elementor-widget elementor-widget-spacer\" data-id=\"d8a87d1\" data-element_type=\"widget\" data-e-type=\"widget\" data-widget_type=\"spacer.default\">\n\t\t\t\t<div class=\"elementor-widget-container\">\n\t\t\t\t\t\t\t<div class=\"elementor-spacer\">\n\t\t\t<div class=\"elementor-spacer-inner\"><\/div>\n\t\t<\/div>\n\t\t\t\t\t\t<\/div>\n\t\t\t\t<\/div>\n\t\t\t\t\t<\/div>\n\t\t<\/div>\n\t\t\t\t<div class=\"elementor-column elementor-col-33 elementor-inner-column elementor-element elementor-element-93f9ccc sc_inner_width_none sc_content_align_inherit sc_layouts_column_icons_position_left sc_fly_static\" data-id=\"93f9ccc\" data-element_type=\"column\" data-e-type=\"column\">\n\t\t\t<div class=\"elementor-widget-wrap elementor-element-populated\">\n\t\t\t\t\t\t<div class=\"elementor-element elementor-element-37e2952 sc_fly_static elementor-widget elementor-widget-text-editor\" data-id=\"37e2952\" data-element_type=\"widget\" data-e-type=\"widget\" data-widget_type=\"text-editor.default\">\n\t\t\t\t<div class=\"elementor-widget-container\">\n\t\t\t\t\t\t\t\t\t<p class=\"translation-block\">The galleries of the Igreja da Gra\u00e7a are a privileged space for cultural initiatives.<\/p><p>We are currently improving this place and working on the next exhibition, which you will be able to see soon.<\/p><p>Keep an eye on our website and social media for updates.\u00a0<\/p>\t\t\t\t\t\t\t\t<\/div>\n\t\t\t\t<\/div>\n\t\t\t\t\t<\/div>\n\t\t<\/div>\n\t\t\t\t<div class=\"elementor-column elementor-col-33 elementor-inner-column elementor-element elementor-element-105f231 sc_inner_width_none sc_content_align_inherit sc_layouts_column_icons_position_left sc_fly_static\" data-id=\"105f231\" data-element_type=\"column\" data-e-type=\"column\">\n\t\t\t<div class=\"elementor-widget-wrap elementor-element-populated\">\n\t\t\t\t\t\t\t<\/div>\n\t\t<\/div>\n\t\t\t\t\t<\/div>\n\t\t<\/section>\n\t\t\t\t<div class=\"elementor-element elementor-element-ab9ecca sc_height_large sc_fly_static elementor-widget elementor-widget-spacer\" data-id=\"ab9ecca\" data-element_type=\"widget\" data-e-type=\"widget\" data-widget_type=\"spacer.default\">\n\t\t\t\t<div class=\"elementor-widget-container\">\n\t\t\t\t\t\t\t<div class=\"elementor-spacer\">\n\t\t\t<div class=\"elementor-spacer-inner\"><\/div>\n\t\t<\/div>\n\t\t\t\t\t\t<\/div>\n\t\t\t\t<\/div>\n\t\t\t\t\t<\/div>\n\t\t<\/div>\n\t\t\t\t\t<\/div>\n\t\t<\/section>\n\t\t\t\t<section data-mouse-helper=\"hover\" data-mouse-helper-hide-helper=\"0\" data-mouse-helper-centered=\"1\" data-mouse-helper-magnet=\"0\" data-mouse-helper-color=\"\" data-mouse-helper-bg-color=\"#FF5B4A\" data-mouse-helper-bd-color=\"\" data-mouse-helper-bd-width=\"-1\" data-mouse-helper-mode=\"multiply\" data-mouse-helper-axis=\"xy\" data-mouse-helper-delay=\"0\" data-mouse-helper-text=\"\" data-mouse-helper-text-size=\"\" data-mouse-helper-text-round=\"0\" data-mouse-helper-icon=\"\" data-mouse-helper-icon-size=\"\" data-mouse-helper-icon-color=\"\" data-mouse-helper-image=\"\" data-mouse-helper-layout=\"\" data-mouse-helper-callback=\"\" data-mouse-helper-hide-cursor=\"1\" class=\"elementor-section elementor-top-section elementor-element elementor-element-aa5d670 scheme_dark elementor-section-boxed elementor-section-height-default elementor-section-height-default sc_fly_static\" data-id=\"aa5d670\" data-element_type=\"section\" data-e-type=\"section\" data-settings=\"{&quot;background_background&quot;:&quot;classic&quot;}\">\n\t\t\t\t\t\t\t<div class=\"elementor-background-overlay\"><\/div>\n\t\t\t\t\t\t\t<div class=\"elementor-container elementor-column-gap-default\">\n\t\t\t\t\t<div class=\"elementor-column elementor-col-100 elementor-top-column elementor-element elementor-element-82516f4 sc_layouts_column_align_center sc_layouts_column sc-mobile_layouts_column_align_center sc_layouts_column sc_inner_width_none sc_content_align_inherit sc_layouts_column_icons_position_left sc_fly_static\" data-id=\"82516f4\" data-element_type=\"column\" data-e-type=\"column\">\n\t\t\t<div class=\"elementor-widget-wrap elementor-element-populated\">\n\t\t\t\t\t\t<div class=\"elementor-element elementor-element-3c5bcb7 sc_fly_static elementor-widget elementor-widget-spacer\" data-id=\"3c5bcb7\" data-element_type=\"widget\" data-e-type=\"widget\" data-widget_type=\"spacer.default\">\n\t\t\t\t<div class=\"elementor-widget-container\">\n\t\t\t\t\t\t\t<div class=\"elementor-spacer\">\n\t\t\t<div class=\"elementor-spacer-inner\"><\/div>\n\t\t<\/div>\n\t\t\t\t\t\t<\/div>\n\t\t\t\t<\/div>\n\t\t\t\t<div class=\"elementor-element elementor-element-8df55be sc_height_huge sc_layouts_hide_on_mobile sc_fly_static elementor-widget elementor-widget-spacer\" data-id=\"8df55be\" data-element_type=\"widget\" data-e-type=\"widget\" data-widget_type=\"spacer.default\">\n\t\t\t\t<div class=\"elementor-widget-container\">\n\t\t\t\t\t\t\t<div class=\"elementor-spacer\">\n\t\t\t<div class=\"elementor-spacer-inner\"><\/div>\n\t\t<\/div>\n\t\t\t\t\t\t<\/div>\n\t\t\t\t<\/div>\n\t\t\t\t<div class=\"elementor-element elementor-element-733fc25 sc_layouts_hide_on_mobile sc_fly_static elementor-widget elementor-widget-spacer\" data-id=\"733fc25\" data-element_type=\"widget\" data-e-type=\"widget\" data-widget_type=\"spacer.default\">\n\t\t\t\t<div class=\"elementor-widget-container\">\n\t\t\t\t\t\t\t<div class=\"elementor-spacer\">\n\t\t\t<div class=\"elementor-spacer-inner\"><\/div>\n\t\t<\/div>\n\t\t\t\t\t\t<\/div>\n\t\t\t\t<\/div>\n\t\t\t\t<div class=\"elementor-element elementor-element-3f747bf sc_height_huge sc_fly_static elementor-widget elementor-widget-spacer\" data-id=\"3f747bf\" data-element_type=\"widget\" data-e-type=\"widget\" data-widget_type=\"spacer.default\">\n\t\t\t\t<div class=\"elementor-widget-container\">\n\t\t\t\t\t\t\t<div class=\"elementor-spacer\">\n\t\t\t<div class=\"elementor-spacer-inner\"><\/div>\n\t\t<\/div>\n\t\t\t\t\t\t<\/div>\n\t\t\t\t<\/div>\n\t\t\t\t\t<\/div>\n\t\t<\/div>\n\t\t\t\t\t<\/div>\n\t\t<\/section>\n\t\t\t\t<section class=\"elementor-section elementor-top-section elementor-element elementor-element-9242e89 elementor-section-boxed elementor-section-height-default elementor-section-height-default sc_fly_static\" data-id=\"9242e89\" data-element_type=\"section\" data-e-type=\"section\">\n\t\t\t\t\t\t\t<div class=\"elementor-background-overlay\"><\/div>\n\t\t\t\t\t\t\t<div class=\"elementor-container elementor-column-gap-extended\">\n\t\t\t\t\t<div class=\"elementor-column elementor-col-100 elementor-top-column elementor-element elementor-element-077d8f4 sc_inner_width_none sc_content_align_inherit sc_layouts_column_icons_position_left sc_fly_static\" data-id=\"077d8f4\" data-element_type=\"column\" data-e-type=\"column\">\n\t\t\t<div class=\"elementor-widget-wrap elementor-element-populated\">\n\t\t\t\t\t\t<div class=\"elementor-element elementor-element-f81e4b8 sc_height_huge sc_fly_static elementor-widget elementor-widget-spacer\" data-id=\"f81e4b8\" data-element_type=\"widget\" data-e-type=\"widget\" data-widget_type=\"spacer.default\">\n\t\t\t\t<div class=\"elementor-widget-container\">\n\t\t\t\t\t\t\t<div class=\"elementor-spacer\">\n\t\t\t<div class=\"elementor-spacer-inner\"><\/div>\n\t\t<\/div>\n\t\t\t\t\t\t<\/div>\n\t\t\t\t<\/div>\n\t\t\t\t<section class=\"elementor-section elementor-inner-section elementor-element elementor-element-4b42a97 elementor-section-boxed elementor-section-height-default elementor-section-height-default sc_fly_static\" data-id=\"4b42a97\" data-element_type=\"section\" data-e-type=\"section\">\n\t\t\t\t\t\t<div class=\"elementor-container elementor-column-gap-extended\">\n\t\t\t\t\t<div class=\"elementor-column elementor-col-50 elementor-inner-column elementor-element elementor-element-0c85969 sc_inner_width_none sc_content_align_inherit sc_layouts_column_icons_position_left sc_fly_static\" data-id=\"0c85969\" data-element_type=\"column\" data-e-type=\"column\">\n\t\t\t<div class=\"elementor-widget-wrap elementor-element-populated\">\n\t\t\t\t\t\t<div class=\"elementor-element elementor-element-fd8e1ca sc_fly_static elementor-widget elementor-widget-trx_sc_title\" data-id=\"fd8e1ca\" data-element_type=\"widget\" data-e-type=\"widget\" data-widget_type=\"trx_sc_title.default\">\n\t\t\t\t<div class=\"elementor-widget-container\">\n\t\t\t\t\t<div\t\tclass=\"sc_title sc_title_default\" ><span class=\"sc_item_subtitle sc_title_subtitle sc_item_subtitle_above sc_item_title_style_default\">Gallery<\/span><h2 class=\"sc_item_title sc_title_title sc_item_title_style_default\"\n\t\t\t><span class=\"sc_item_title_text\">Our Gallery<\/span><\/h2><\/div>\t\t\t\t<\/div>\n\t\t\t\t<\/div>\n\t\t\t\t\t<\/div>\n\t\t<\/div>\n\t\t\t\t<div class=\"elementor-column elementor-col-50 elementor-inner-column elementor-element elementor-element-aa81ca6 sc_layouts_column_align_right sc_layouts_column sc-mobile_layouts_column_align_left sc_layouts_column sc_inner_width_none sc_content_align_inherit sc_layouts_column_icons_position_left sc_fly_static\" data-id=\"aa81ca6\" data-element_type=\"column\" data-e-type=\"column\">\n\t\t\t<div class=\"elementor-widget-wrap\">\n\t\t\t\t\t\t\t<\/div>\n\t\t<\/div>\n\t\t\t\t\t<\/div>\n\t\t<\/section>\n\t\t\t\t<div class=\"elementor-element elementor-element-dbc28cc sc_fly_static elementor-widget elementor-widget-spacer\" data-id=\"dbc28cc\" data-element_type=\"widget\" data-e-type=\"widget\" data-widget_type=\"spacer.default\">\n\t\t\t\t<div class=\"elementor-widget-container\">\n\t\t\t\t\t\t\t<div class=\"elementor-spacer\">\n\t\t\t<div class=\"elementor-spacer-inner\"><\/div>\n\t\t<\/div>\n\t\t\t\t\t\t<\/div>\n\t\t\t\t<\/div>\n\t\t\t\t<div class=\"elementor-element elementor-element-be532dc gallery-spacing-custom sc_fly_static elementor-widget elementor-widget-image-gallery\" data-id=\"be532dc\" data-element_type=\"widget\" data-e-type=\"widget\" data-widget_type=\"image-gallery.default\">\n\t\t\t\t<div class=\"elementor-widget-container\">\n\t\t\t\t\t\t\t<div class=\"elementor-image-gallery\">\n\t\t\t<div id='gallery-4' class='gallery galleryid-23776 gallery-columns-1 gallery-size-full'><figure class='gallery-item'>\n\t\t\t<div class='gallery-icon landscape'>\n\t\t\t\t<img fetchpriority=\"high\" decoding=\"async\" width=\"2000\" height=\"900\" src=\"https:\/\/igrejadagraca.pt\/wp-content\/uploads\/2024\/01\/Imagem-WhatsApp-2024-01-02-as-13.39.44_97fe4a7b.jpg\" class=\"attachment-full size-full\" alt=\"\" srcset=\"https:\/\/igrejadagraca.pt\/wp-content\/uploads\/2024\/01\/Imagem-WhatsApp-2024-01-02-as-13.39.44_97fe4a7b.jpg 2000w, https:\/\/igrejadagraca.pt\/wp-content\/uploads\/2024\/01\/Imagem-WhatsApp-2024-01-02-as-13.39.44_97fe4a7b-300x135.jpg 300w, https:\/\/igrejadagraca.pt\/wp-content\/uploads\/2024\/01\/Imagem-WhatsApp-2024-01-02-as-13.39.44_97fe4a7b-1024x461.jpg 1024w, https:\/\/igrejadagraca.pt\/wp-content\/uploads\/2024\/01\/Imagem-WhatsApp-2024-01-02-as-13.39.44_97fe4a7b-768x346.jpg 768w, https:\/\/igrejadagraca.pt\/wp-content\/uploads\/2024\/01\/Imagem-WhatsApp-2024-01-02-as-13.39.44_97fe4a7b-1536x691.jpg 1536w, https:\/\/igrejadagraca.pt\/wp-content\/uploads\/2024\/01\/Imagem-WhatsApp-2024-01-02-as-13.39.44_97fe4a7b-18x8.jpg 18w, https:\/\/igrejadagraca.pt\/wp-content\/uploads\/2024\/01\/Imagem-WhatsApp-2024-01-02-as-13.39.44_97fe4a7b-370x167.jpg 370w, https:\/\/igrejadagraca.pt\/wp-content\/uploads\/2024\/01\/Imagem-WhatsApp-2024-01-02-as-13.39.44_97fe4a7b-840x378.jpg 840w, https:\/\/igrejadagraca.pt\/wp-content\/uploads\/2024\/01\/Imagem-WhatsApp-2024-01-02-as-13.39.44_97fe4a7b-410x185.jpg 410w, https:\/\/igrejadagraca.pt\/wp-content\/uploads\/2024\/01\/Imagem-WhatsApp-2024-01-02-as-13.39.44_97fe4a7b-600x270.jpg 600w\" sizes=\"(max-width: 2000px) 100vw, 2000px\" \/>\n\t\t\t<\/div><\/figure><figure class='gallery-item'>\n\t\t\t<div class='gallery-icon landscape'>\n\t\t\t\t<img decoding=\"async\" width=\"2048\" height=\"923\" src=\"https:\/\/igrejadagraca.pt\/wp-content\/uploads\/2023\/08\/Exposicao-2.jpg\" class=\"attachment-full size-full\" alt=\"\" srcset=\"https:\/\/igrejadagraca.pt\/wp-content\/uploads\/2023\/08\/Exposicao-2.jpg 2048w, https:\/\/igrejadagraca.pt\/wp-content\/uploads\/2023\/08\/Exposicao-2-300x135.jpg 300w, https:\/\/igrejadagraca.pt\/wp-content\/uploads\/2023\/08\/Exposicao-2-1024x462.jpg 1024w, https:\/\/igrejadagraca.pt\/wp-content\/uploads\/2023\/08\/Exposicao-2-768x346.jpg 768w, https:\/\/igrejadagraca.pt\/wp-content\/uploads\/2023\/08\/Exposicao-2-1536x692.jpg 1536w, https:\/\/igrejadagraca.pt\/wp-content\/uploads\/2023\/08\/Exposicao-2-18x8.jpg 18w, https:\/\/igrejadagraca.pt\/wp-content\/uploads\/2023\/08\/Exposicao-2-370x167.jpg 370w, https:\/\/igrejadagraca.pt\/wp-content\/uploads\/2023\/08\/Exposicao-2-840x379.jpg 840w, https:\/\/igrejadagraca.pt\/wp-content\/uploads\/2023\/08\/Exposicao-2-410x185.jpg 410w, https:\/\/igrejadagraca.pt\/wp-content\/uploads\/2023\/08\/Exposicao-2-600x270.jpg 600w\" sizes=\"(max-width: 2048px) 100vw, 2048px\" \/>\n\t\t\t<\/div><\/figure><figure class='gallery-item'>\n\t\t\t<div class='gallery-icon landscape'>\n\t\t\t\t<img decoding=\"async\" width=\"2048\" height=\"923\" src=\"https:\/\/igrejadagraca.pt\/wp-content\/uploads\/2024\/11\/Exposicoes-Graca-Galeria.png\" class=\"attachment-full size-full\" alt=\"\" srcset=\"https:\/\/igrejadagraca.pt\/wp-content\/uploads\/2024\/11\/Exposicoes-Graca-Galeria.png 2048w, https:\/\/igrejadagraca.pt\/wp-content\/uploads\/2024\/11\/Exposicoes-Graca-Galeria-300x135.png 300w, https:\/\/igrejadagraca.pt\/wp-content\/uploads\/2024\/11\/Exposicoes-Graca-Galeria-1024x462.png 1024w, https:\/\/igrejadagraca.pt\/wp-content\/uploads\/2024\/11\/Exposicoes-Graca-Galeria-768x346.png 768w, https:\/\/igrejadagraca.pt\/wp-content\/uploads\/2024\/11\/Exposicoes-Graca-Galeria-1536x692.png 1536w, https:\/\/igrejadagraca.pt\/wp-content\/uploads\/2024\/11\/Exposicoes-Graca-Galeria-18x8.png 18w, https:\/\/igrejadagraca.pt\/wp-content\/uploads\/2024\/11\/Exposicoes-Graca-Galeria-370x167.png 370w, https:\/\/igrejadagraca.pt\/wp-content\/uploads\/2024\/11\/Exposicoes-Graca-Galeria-840x379.png 840w, https:\/\/igrejadagraca.pt\/wp-content\/uploads\/2024\/11\/Exposicoes-Graca-Galeria-410x185.png 410w, https:\/\/igrejadagraca.pt\/wp-content\/uploads\/2024\/11\/Exposicoes-Graca-Galeria-600x270.png 600w\" sizes=\"(max-width: 2048px) 100vw, 2048px\" \/>\n\t\t\t<\/div><\/figure><figure class='gallery-item'>\n\t\t\t<div class='gallery-icon landscape'>\n\t\t\t\t<img loading=\"lazy\" decoding=\"async\" width=\"2048\" height=\"923\" src=\"https:\/\/igrejadagraca.pt\/wp-content\/uploads\/2025\/01\/Galeria-Site-Igreja-da-Graca.png\" class=\"attachment-full size-full\" alt=\"\" srcset=\"https:\/\/igrejadagraca.pt\/wp-content\/uploads\/2025\/01\/Galeria-Site-Igreja-da-Graca.png 2048w, https:\/\/igrejadagraca.pt\/wp-content\/uploads\/2025\/01\/Galeria-Site-Igreja-da-Graca-300x135.png 300w, https:\/\/igrejadagraca.pt\/wp-content\/uploads\/2025\/01\/Galeria-Site-Igreja-da-Graca-1024x462.png 1024w, https:\/\/igrejadagraca.pt\/wp-content\/uploads\/2025\/01\/Galeria-Site-Igreja-da-Graca-768x346.png 768w, https:\/\/igrejadagraca.pt\/wp-content\/uploads\/2025\/01\/Galeria-Site-Igreja-da-Graca-1536x692.png 1536w, https:\/\/igrejadagraca.pt\/wp-content\/uploads\/2025\/01\/Galeria-Site-Igreja-da-Graca-18x8.png 18w, https:\/\/igrejadagraca.pt\/wp-content\/uploads\/2025\/01\/Galeria-Site-Igreja-da-Graca-370x167.png 370w, https:\/\/igrejadagraca.pt\/wp-content\/uploads\/2025\/01\/Galeria-Site-Igreja-da-Graca-840x379.png 840w, https:\/\/igrejadagraca.pt\/wp-content\/uploads\/2025\/01\/Galeria-Site-Igreja-da-Graca-410x185.png 410w, https:\/\/igrejadagraca.pt\/wp-content\/uploads\/2025\/01\/Galeria-Site-Igreja-da-Graca-600x270.png 600w\" sizes=\"(max-width: 2048px) 100vw, 2048px\" \/>\n\t\t\t<\/div><\/figure>\n\t\t<\/div>\n\t\t<\/div>\n\t\t\t\t\t\t<\/div>\n\t\t\t\t<\/div>\n\t\t\t\t<div class=\"elementor-element elementor-element-fa661de sc_height_huge sc_fly_static elementor-widget elementor-widget-spacer\" data-id=\"fa661de\" data-element_type=\"widget\" data-e-type=\"widget\" data-widget_type=\"spacer.default\">\n\t\t\t\t<div class=\"elementor-widget-container\">\n\t\t\t\t\t\t\t<div class=\"elementor-spacer\">\n\t\t\t<div class=\"elementor-spacer-inner\"><\/div>\n\t\t<\/div>\n\t\t\t\t\t\t<\/div>\n\t\t\t\t<\/div>\n\t\t\t\t\t<\/div>\n\t\t<\/div>\n\t\t\t\t\t<\/div>\n\t\t<\/section>\n\t\t\t\t<section class=\"elementor-section elementor-top-section elementor-element elementor-element-0454e67 elementor-section-boxed elementor-section-height-default elementor-section-height-default sc_fly_static\" data-id=\"0454e67\" data-element_type=\"section\" data-e-type=\"section\">\n\t\t\t\t\t\t<div class=\"elementor-container elementor-column-gap-extended\">\n\t\t\t\t\t<div class=\"elementor-column elementor-col-100 elementor-top-column elementor-element elementor-element-7fae8df sc_inner_width_none sc_content_align_inherit sc_layouts_column_icons_position_left sc_fly_static\" data-id=\"7fae8df\" data-element_type=\"column\" data-e-type=\"column\">\n\t\t\t<div class=\"elementor-widget-wrap\">\n\t\t\t\t\t\t\t<\/div>\n\t\t<\/div>\n\t\t\t\t\t<\/div>\n\t\t<\/section>\n\t\t\t\t<\/div>","protected":false},"excerpt":{"rendered":"<p>Exposi\u00e7\u00f5es Arte num lugar \u00fanico bienal Arte num lugar \u00fanico As galerias da Igreja da Gra\u00e7a s\u00e3o espa\u00e7o privilegiado para iniciativas de cariz cultural.\u00a0 Atualmente, estamos a melhorar este lugar&hellip;<\/p>","protected":false},"author":2,"featured_media":0,"parent":0,"menu_order":0,"comment_status":"closed","ping_status":"closed","template":"","meta":{"give_campaign_id":0,"om_disable_all_campaigns":false,"_monsterinsights_skip_tracking":false,"_monsterinsights_sitenote_active":false,"_monsterinsights_sitenote_note":"","_monsterinsights_sitenote_category":0,"_uf_show_specific_survey":0,"_uf_disable_surveys":false,"footnotes":""},"class_list":["post-23776","page","type-page","status-publish","hentry"],"aioseo_notices":[],"campaignId":"","_links":{"self":[{"href":"https:\/\/igrejadagraca.pt\/en\/wp-json\/wp\/v2\/pages\/23776","targetHints":{"allow":["GET"]}}],"collection":[{"href":"https:\/\/igrejadagraca.pt\/en\/wp-json\/wp\/v2\/pages"}],"about":[{"href":"https:\/\/igrejadagraca.pt\/en\/wp-json\/wp\/v2\/types\/page"}],"author":[{"embeddable":true,"href":"https:\/\/igrejadagraca.pt\/en\/wp-json\/wp\/v2\/users\/2"}],"replies":[{"embeddable":true,"href":"https:\/\/igrejadagraca.pt\/en\/wp-json\/wp\/v2\/comments?post=23776"}],"version-history":[{"count":83,"href":"https:\/\/igrejadagraca.pt\/en\/wp-json\/wp\/v2\/pages\/23776\/revisions"}],"predecessor-version":[{"id":25903,"href":"https:\/\/igrejadagraca.pt\/en\/wp-json\/wp\/v2\/pages\/23776\/revisions\/25903"}],"wp:attachment":[{"href":"https:\/\/igrejadagraca.pt\/en\/wp-json\/wp\/v2\/media?parent=23776"}],"curies":[{"name":"wp","href":"https:\/\/api.w.org\/{rel}","templated":true}]}}