{"id":18557,"date":"2022-03-28T17:21:12","date_gmt":"2022-03-28T17:21:12","guid":{"rendered":"https:\/\/www.igrejadagraca.pt\/?page_id=18557"},"modified":"2024-08-07T12:27:17","modified_gmt":"2024-08-07T11:27:17","slug":"convento","status":"publish","type":"page","link":"https:\/\/igrejadagraca.pt\/en\/convento\/","title":{"rendered":"Convent"},"content":{"rendered":"<div data-elementor-type=\"wp-page\" data-elementor-id=\"18557\" class=\"elementor elementor-18557\">\n\t\t\t\t\t\t<section class=\"elementor-section elementor-top-section elementor-element elementor-element-cd3e205 scheme_light elementor-section-boxed elementor-section-height-default elementor-section-height-default sc_fly_static\" data-id=\"cd3e205\" data-element_type=\"section\" data-e-type=\"section\" data-settings=\"{&quot;background_background&quot;:&quot;classic&quot;}\">\n\t\t\t\t\t\t<div class=\"elementor-container elementor-column-gap-extended\">\n\t\t\t\t\t<div class=\"elementor-column elementor-col-100 elementor-top-column elementor-element elementor-element-f5f3a73 sc_inner_width_none sc_content_align_inherit sc_layouts_column_icons_position_left sc_fly_static\" data-id=\"f5f3a73\" data-element_type=\"column\" data-e-type=\"column\">\n\t\t\t<div class=\"elementor-widget-wrap\">\n\t\t\t\t\t\t\t<\/div>\n\t\t<\/div>\n\t\t\t\t\t<\/div>\n\t\t<\/section>\n\t\t\t\t<section class=\"elementor-section elementor-top-section elementor-element elementor-element-ae002dd elementor-section-boxed elementor-section-height-default elementor-section-height-default sc_fly_static\" data-id=\"ae002dd\" data-element_type=\"section\" data-e-type=\"section\" data-settings=\"{&quot;background_background&quot;:&quot;classic&quot;}\">\n\t\t\t\t\t\t<div class=\"elementor-container elementor-column-gap-extended\">\n\t\t\t\t\t<div class=\"elementor-column elementor-col-100 elementor-top-column elementor-element elementor-element-7611ade sc_inner_width_none sc_content_align_inherit sc_layouts_column_icons_position_left sc_fly_static\" data-id=\"7611ade\" data-element_type=\"column\" data-e-type=\"column\">\n\t\t\t<div class=\"elementor-widget-wrap elementor-element-populated\">\n\t\t\t\t\t\t<div class=\"elementor-element elementor-element-b6bbb26 sc_height_huge sc_fly_static elementor-widget elementor-widget-spacer\" data-id=\"b6bbb26\" data-element_type=\"widget\" data-e-type=\"widget\" data-widget_type=\"spacer.default\">\n\t\t\t\t<div class=\"elementor-widget-container\">\n\t\t\t\t\t\t\t<div class=\"elementor-spacer\">\n\t\t\t<div class=\"elementor-spacer-inner\"><\/div>\n\t\t<\/div>\n\t\t\t\t\t\t<\/div>\n\t\t\t\t<\/div>\n\t\t\t\t<section class=\"elementor-section elementor-inner-section elementor-element elementor-element-337ed45 elementor-section-boxed elementor-section-height-default elementor-section-height-default sc_fly_static\" data-id=\"337ed45\" data-element_type=\"section\" data-e-type=\"section\">\n\t\t\t\t\t\t<div class=\"elementor-container elementor-column-gap-extended\">\n\t\t\t\t\t<div class=\"elementor-column elementor-col-50 elementor-inner-column elementor-element elementor-element-b53912f sc_inner_width_none sc_content_align_inherit sc_layouts_column_icons_position_left sc_fly_static\" data-id=\"b53912f\" data-element_type=\"column\" data-e-type=\"column\">\n\t\t\t<div class=\"elementor-widget-wrap elementor-element-populated\">\n\t\t\t\t\t\t<div class=\"elementor-element elementor-element-a4a0430 sc_fly_static elementor-widget elementor-widget-image\" data-id=\"a4a0430\" data-element_type=\"widget\" data-e-type=\"widget\" data-widget_type=\"image.default\">\n\t\t\t\t<div class=\"elementor-widget-container\">\n\t\t\t\t\t\t\t\t\t\t\t\t\t\t\t<img fetchpriority=\"high\" decoding=\"async\" width=\"2560\" height=\"2560\" src=\"https:\/\/igrejadagraca.pt\/wp-content\/uploads\/2023\/08\/Foto.0094-scaled.jpg\" class=\"attachment-full size-full wp-image-23847\" alt=\"\" srcset=\"https:\/\/igrejadagraca.pt\/wp-content\/uploads\/2023\/08\/Foto.0094-scaled.jpg 2560w, https:\/\/igrejadagraca.pt\/wp-content\/uploads\/2023\/08\/Foto.0094-300x300.jpg 300w, https:\/\/igrejadagraca.pt\/wp-content\/uploads\/2023\/08\/Foto.0094-1024x1024.jpg 1024w, https:\/\/igrejadagraca.pt\/wp-content\/uploads\/2023\/08\/Foto.0094-150x150.jpg 150w, https:\/\/igrejadagraca.pt\/wp-content\/uploads\/2023\/08\/Foto.0094-768x768.jpg 768w, https:\/\/igrejadagraca.pt\/wp-content\/uploads\/2023\/08\/Foto.0094-1536x1536.jpg 1536w, https:\/\/igrejadagraca.pt\/wp-content\/uploads\/2023\/08\/Foto.0094-2048x2048.jpg 2048w, https:\/\/igrejadagraca.pt\/wp-content\/uploads\/2023\/08\/Foto.0094-12x12.jpg 12w, https:\/\/igrejadagraca.pt\/wp-content\/uploads\/2023\/08\/Foto.0094-370x370.jpg 370w, https:\/\/igrejadagraca.pt\/wp-content\/uploads\/2023\/08\/Foto.0094-120x120.jpg 120w, https:\/\/igrejadagraca.pt\/wp-content\/uploads\/2023\/08\/Foto.0094-840x840.jpg 840w, https:\/\/igrejadagraca.pt\/wp-content\/uploads\/2023\/08\/Foto.0094-410x410.jpg 410w, https:\/\/igrejadagraca.pt\/wp-content\/uploads\/2023\/08\/Foto.0094-630x630.jpg 630w, https:\/\/igrejadagraca.pt\/wp-content\/uploads\/2023\/08\/Foto.0094-600x600.jpg 600w\" sizes=\"(max-width: 2560px) 100vw, 2560px\" \/>\t\t\t\t\t\t\t\t\t\t\t\t\t\t\t<\/div>\n\t\t\t\t<\/div>\n\t\t\t\t\t<\/div>\n\t\t<\/div>\n\t\t\t\t<div class=\"elementor-column elementor-col-50 elementor-inner-column elementor-element elementor-element-8110ef6 sc_inner_width_none sc_content_align_inherit sc_layouts_column_icons_position_left sc_fly_static\" data-id=\"8110ef6\" data-element_type=\"column\" data-e-type=\"column\">\n\t\t\t<div class=\"elementor-widget-wrap elementor-element-populated\">\n\t\t\t\t\t\t<div class=\"elementor-element elementor-element-5f64edf sc_fly_static elementor-widget elementor-widget-trx_sc_title\" data-id=\"5f64edf\" data-element_type=\"widget\" data-e-type=\"widget\" data-widget_type=\"trx_sc_title.default\">\n\t\t\t\t<div class=\"elementor-widget-container\">\n\t\t\t\t\t<div\t\tclass=\"sc_title sc_title_default\" ><span class=\"sc_item_subtitle sc_title_subtitle sc_item_subtitle_above sc_item_title_style_default\">Convent<\/span><h2 class=\"sc_item_title sc_title_title sc_item_title_style_default\"\n\t\t\t><span class=\"sc_item_title_text\">A centuries-old story <\/span><\/h2><div class=\"sc_item_descr sc_title_descr\"><p>The Convent of Nossa Senhora da Gra\u00e7a is one of the most imposing convent complexes in Lisbon. Its origins date back to 1271, the year in which construction began at the location then called Almofala. a convent of Saint Augustine. This invocation was changed to Nossa Senhora da Gra\u00e7a in 1305 or 1362. Due to the deterioration of its structures, the church had to be built again between 1556 and 1565 under the direction of Friar Lu\u00eds de Montoya, and the church was certainly also built at that time. its superb large cloister designed in Serlian style. Some of its parts stand out in the convent, such as the vast chapter room, completed in 1724; the huge sacristy designed at the beginning of the 18th century; the second cloister, perhaps in the second quarter of the 18th century; the entrance and the bell tower, whose completion could date back to 1738 and was designed by Manuel da Costa Negreiros.<\/p>\n<\/div><\/div>\t\t\t\t<\/div>\n\t\t\t\t<\/div>\n\t\t\t\t\t<\/div>\n\t\t<\/div>\n\t\t\t\t\t<\/div>\n\t\t<\/section>\n\t\t\t\t<div class=\"elementor-element elementor-element-6b5d23f sc_height_huge sc_fly_static elementor-widget elementor-widget-spacer\" data-id=\"6b5d23f\" data-element_type=\"widget\" data-e-type=\"widget\" data-widget_type=\"spacer.default\">\n\t\t\t\t<div class=\"elementor-widget-container\">\n\t\t\t\t\t\t\t<div class=\"elementor-spacer\">\n\t\t\t<div class=\"elementor-spacer-inner\"><\/div>\n\t\t<\/div>\n\t\t\t\t\t\t<\/div>\n\t\t\t\t<\/div>\n\t\t\t\t\t<\/div>\n\t\t<\/div>\n\t\t\t\t\t<\/div>\n\t\t<\/section>\n\t\t\t\t<section class=\"elementor-section elementor-top-section elementor-element elementor-element-aef1dae scheme_light elementor-section-boxed elementor-section-height-default elementor-section-height-default sc_fly_static\" data-id=\"aef1dae\" data-element_type=\"section\" data-e-type=\"section\" data-settings=\"{&quot;background_background&quot;:&quot;classic&quot;}\">\n\t\t\t\t\t\t<div class=\"elementor-container elementor-column-gap-default\">\n\t\t\t\t\t<div class=\"elementor-column elementor-col-100 elementor-top-column elementor-element elementor-element-185e78c sc_inner_width_none sc_content_align_inherit sc_layouts_column_icons_position_left sc_fly_static\" data-id=\"185e78c\" data-element_type=\"column\" data-e-type=\"column\">\n\t\t\t<div class=\"elementor-widget-wrap elementor-element-populated\">\n\t\t\t\t\t\t<div class=\"elementor-element elementor-element-e33e562 sc_layouts_hide_on_tablet sc_layouts_hide_on_mobile sc_fly_static elementor-widget elementor-widget-spacer\" data-id=\"e33e562\" data-element_type=\"widget\" data-e-type=\"widget\" data-widget_type=\"spacer.default\">\n\t\t\t\t<div class=\"elementor-widget-container\">\n\t\t\t\t\t\t\t<div class=\"elementor-spacer\">\n\t\t\t<div class=\"elementor-spacer-inner\"><\/div>\n\t\t<\/div>\n\t\t\t\t\t\t<\/div>\n\t\t\t\t<\/div>\n\t\t\t\t<section class=\"elementor-section elementor-inner-section elementor-element elementor-element-61602fe elementor-section-boxed elementor-section-height-default elementor-section-height-default sc_fly_static\" data-id=\"61602fe\" data-element_type=\"section\" data-e-type=\"section\">\n\t\t\t\t\t\t<div class=\"elementor-container elementor-column-gap-no\">\n\t\t\t\t\t<div class=\"elementor-column elementor-col-50 elementor-inner-column elementor-element elementor-element-27716f1 sc_inner_width_none sc_content_align_inherit sc_layouts_column_icons_position_left sc_fly_static\" data-id=\"27716f1\" data-element_type=\"column\" data-e-type=\"column\">\n\t\t\t<div class=\"elementor-widget-wrap elementor-element-populated\">\n\t\t\t\t\t\t<div class=\"elementor-element elementor-element-c256243 sc_fly_static elementor-widget elementor-widget-text-editor\" data-id=\"c256243\" data-element_type=\"widget\" data-e-type=\"widget\" data-widget_type=\"text-editor.default\">\n\t\t\t\t<div class=\"elementor-widget-container\">\n\t\t\t\t\t\t\t\t\t<p>In 1586, this convent became famous for housing Senhor dos Passos, which from the following year began to go out in a famous procession that went from Gra\u00e7a to S\u00e3o Roque. With the earthquake of 1755, the church was destroyed and began to be rebuilt from from 1765 under the direction of Manuel Caetano de Sousa, incorporating a chapel that had been built in 1530 as a baptistry.<\/p>\t\t\t\t\t\t\t\t<\/div>\n\t\t\t\t<\/div>\n\t\t\t\t\t<\/div>\n\t\t<\/div>\n\t\t\t\t<div class=\"elementor-column elementor-col-50 elementor-inner-column elementor-element elementor-element-08adf4a sc_inner_width_none sc_content_align_inherit sc_layouts_column_icons_position_left sc_fly_static\" data-id=\"08adf4a\" data-element_type=\"column\" data-e-type=\"column\">\n\t\t\t<div class=\"elementor-widget-wrap elementor-element-populated\">\n\t\t\t\t\t\t<div class=\"elementor-element elementor-element-286037d elementor-widget__width-initial sc_fly_static elementor-widget elementor-widget-text-editor\" data-id=\"286037d\" data-element_type=\"widget\" data-e-type=\"widget\" data-widget_type=\"text-editor.default\">\n\t\t\t\t<div class=\"elementor-widget-container\">\n\t\t\t\t\t\t\t\t\t<p>After the extinction of male religious orders in 1834, the conventual structures were occupied by the Army, while the church became a parish church in the parishes of Santo Andr\u00e9 and Santa Marinha. Today, under the organization of the Real Irmandade do Senhor dos Passos da Gra\u00e7a, it continues to go out to tour the parish of Gra\u00e7a every year, since that date, at the same time.<\/p>\t\t\t\t\t\t\t\t<\/div>\n\t\t\t\t<\/div>\n\t\t\t\t\t<\/div>\n\t\t<\/div>\n\t\t\t\t\t<\/div>\n\t\t<\/section>\n\t\t\t\t\t<\/div>\n\t\t<\/div>\n\t\t\t\t\t<\/div>\n\t\t<\/section>\n\t\t\t\t<section class=\"elementor-section elementor-top-section elementor-element elementor-element-561070b elementor-section-boxed elementor-section-height-default elementor-section-height-default sc_fly_static\" data-id=\"561070b\" data-element_type=\"section\" data-e-type=\"section\" data-settings=\"{&quot;background_background&quot;:&quot;classic&quot;}\">\n\t\t\t\t\t\t<div class=\"elementor-container elementor-column-gap-extended\">\n\t\t\t\t\t<div class=\"elementor-column elementor-col-100 elementor-top-column elementor-element elementor-element-7b386a6 sc_inner_width_none sc_content_align_inherit sc_layouts_column_icons_position_left sc_fly_static\" data-id=\"7b386a6\" data-element_type=\"column\" data-e-type=\"column\">\n\t\t\t<div class=\"elementor-widget-wrap elementor-element-populated\">\n\t\t\t\t\t\t<div class=\"elementor-element elementor-element-260aa96 sc_height_huge sc_fly_static elementor-widget elementor-widget-spacer\" data-id=\"260aa96\" data-element_type=\"widget\" data-e-type=\"widget\" data-widget_type=\"spacer.default\">\n\t\t\t\t<div class=\"elementor-widget-container\">\n\t\t\t\t\t\t\t<div class=\"elementor-spacer\">\n\t\t\t<div class=\"elementor-spacer-inner\"><\/div>\n\t\t<\/div>\n\t\t\t\t\t\t<\/div>\n\t\t\t\t<\/div>\n\t\t\t\t<div class=\"elementor-element elementor-element-c6e3850 sc_fly_static elementor-widget elementor-widget-trx_sc_title\" data-id=\"c6e3850\" data-element_type=\"widget\" data-e-type=\"widget\" data-widget_type=\"trx_sc_title.default\">\n\t\t\t\t<div class=\"elementor-widget-container\">\n\t\t\t\t\t<div\t\tclass=\"sc_title sc_title_default\" ><span class=\"sc_item_subtitle sc_title_subtitle sc_align_center sc_item_subtitle_above sc_item_title_style_default\">Experiences<\/span><h2 class=\"sc_item_title sc_title_title sc_align_center sc_item_title_style_default\"\n\t\t\t><span class=\"sc_item_title_text\">More than an experience, an adventure that spans centuries<\/span><\/h2><\/div>\t\t\t\t<\/div>\n\t\t\t\t<\/div>\n\t\t\t\t<div class=\"elementor-element elementor-element-1374806 sc_fly_static elementor-widget elementor-widget-spacer\" data-id=\"1374806\" data-element_type=\"widget\" data-e-type=\"widget\" data-widget_type=\"spacer.default\">\n\t\t\t\t<div class=\"elementor-widget-container\">\n\t\t\t\t\t\t\t<div class=\"elementor-spacer\">\n\t\t\t<div class=\"elementor-spacer-inner\"><\/div>\n\t\t<\/div>\n\t\t\t\t\t\t<\/div>\n\t\t\t\t<\/div>\n\t\t\t\t<div class=\"elementor-element elementor-element-8e32eca sc_fly_static elementor-widget elementor-widget-trx_sc_services\" data-id=\"8e32eca\" data-element_type=\"widget\" data-e-type=\"widget\" data-widget_type=\"trx_sc_services.default\">\n\t\t\t\t<div class=\"elementor-widget-container\">\n\t\t\t\t\t<div class=\"sc_services sc_services_default sc_services_featured_top\"><div class=\"sc_services_columns_wrap sc_item_columns sc_item_posts_container sc_item_columns_3 trx_addons_columns_wrap columns_padding_bottom\"><div class=\"trx_addons_column-1_3\"><div data-post-id=\"20258\" class=\"sc_services_item sc_item_container post_container with_content with_image sc_services_item_featured_top post-20258 cpt_services type-cpt_services status-publish has-post-thumbnail hentry cpt_services_group-general\" data-item-number=\"1\"\r\n>\r\n\t<div class=\"post_featured with_thumb hover_link sc_services_item_thumb\"><img decoding=\"async\" width=\"890\" height=\"664\" src=\"https:\/\/igrejadagraca.pt\/wp-content\/uploads\/2022\/04\/portaria-890x664.jpg\" class=\"attachment-grace-church-thumb-square size-grace-church-thumb-square wp-post-image\" alt=\"\" \/>\t\t\t\t\t\t<div class=\"mask\"><\/div>\n\t\t\t\t\t\t<a class=\"post_link sc_services_item_link\" href=\"https:\/\/igrejadagraca.pt\/en\/services\/portaria\/\"><\/a>\t\t\t<a href=\"https:\/\/igrejadagraca.pt\/en\/services\/portaria\/\"  aria-hidden=\"true\" class=\"link\"><\/a>\r\n\t\t\t<\/div>\t\r\n\t<div class=\"sc_services_item_info\">\r\n\t\t\t\t<div class=\"sc_services_item_header\">\r\n\t\t\t\t\t\t<h4 class=\"sc_services_item_title entry-title\"><a href=\"https:\/\/igrejadagraca.pt\/en\/services\/portaria\/\">Convent Entrance<\/a><\/h4>\r\n            \t\t<\/div>\r\n\t\t                    <div class=\"sc_services_item_content\"><p>Step on the ground where great historical figures once stood<\/p>\n<\/div><div class=\"sc_services_item_button sc_item_button\">\r\n            <a href=\"https:\/\/igrejadagraca.pt\/en\/services\/portaria\/\" class=\"sc_services_item_more_link\">\r\n                <span class=\"link_text\">Read more<\/span><span class=\"link_icon\"><\/span>\r\n            <\/a>\r\n            <\/div><\/div>\r\n<\/div>\r\n<\/div><div class=\"trx_addons_column-1_3\"><div data-post-id=\"20259\" class=\"sc_services_item sc_item_container post_container with_content with_image sc_services_item_featured_top post-20259 cpt_services type-cpt_services status-publish has-post-thumbnail hentry cpt_services_group-general\" data-item-number=\"2\"\r\n>\r\n\t<div class=\"post_featured with_thumb hover_link sc_services_item_thumb\"><img decoding=\"async\" width=\"890\" height=\"664\" src=\"https:\/\/igrejadagraca.pt\/wp-content\/uploads\/2022\/04\/2560x2560-Claustros-Graca-890x664.png\" class=\"attachment-grace-church-thumb-square size-grace-church-thumb-square wp-post-image\" alt=\"\" \/>\t\t\t\t\t\t<div class=\"mask\"><\/div>\n\t\t\t\t\t\t<a class=\"post_link sc_services_item_link\" href=\"https:\/\/igrejadagraca.pt\/en\/services\/claustro\/\"><\/a>\t\t\t<a href=\"https:\/\/igrejadagraca.pt\/en\/services\/claustro\/\"  aria-hidden=\"true\" class=\"link\"><\/a>\r\n\t\t\t<\/div>\t\r\n\t<div class=\"sc_services_item_info\">\r\n\t\t\t\t<div class=\"sc_services_item_header\">\r\n\t\t\t\t\t\t<h4 class=\"sc_services_item_title entry-title\"><a href=\"https:\/\/igrejadagraca.pt\/en\/services\/claustro\/\">Cloister<\/a><\/h4>\r\n            \t\t<\/div>\r\n\t\t                    <div class=\"sc_services_item_content\"><p>In the heart of the convent<\/p>\n<\/div><div class=\"sc_services_item_button sc_item_button\">\r\n            <a href=\"https:\/\/igrejadagraca.pt\/en\/services\/claustro\/\" class=\"sc_services_item_more_link\">\r\n                <span class=\"link_text\">Read more<\/span><span class=\"link_icon\"><\/span>\r\n            <\/a>\r\n            <\/div><\/div>\r\n<\/div>\r\n<\/div><div class=\"trx_addons_column-1_3\"><div data-post-id=\"20260\" class=\"sc_services_item sc_item_container post_container with_content with_image sc_services_item_featured_top post-20260 cpt_services type-cpt_services status-publish has-post-thumbnail hentry cpt_services_group-general\" data-item-number=\"3\"\r\n>\r\n\t<div class=\"post_featured with_thumb hover_link sc_services_item_thumb\"><img loading=\"lazy\" decoding=\"async\" width=\"890\" height=\"664\" src=\"https:\/\/igrejadagraca.pt\/wp-content\/uploads\/2022\/04\/2560x2560-Sala-do-Capitulo-Graca-890x664.png\" class=\"attachment-grace-church-thumb-square size-grace-church-thumb-square wp-post-image\" alt=\"\" \/>\t\t\t\t\t\t<div class=\"mask\"><\/div>\n\t\t\t\t\t\t<a class=\"post_link sc_services_item_link\" href=\"https:\/\/igrejadagraca.pt\/en\/services\/sala-do-capitulo\/\"><\/a>\t\t\t<a href=\"https:\/\/igrejadagraca.pt\/en\/services\/sala-do-capitulo\/\"  aria-hidden=\"true\" class=\"link\"><\/a>\r\n\t\t\t<\/div>\t\r\n\t<div class=\"sc_services_item_info\">\r\n\t\t\t\t<div class=\"sc_services_item_header\">\r\n\t\t\t\t\t\t<h4 class=\"sc_services_item_title entry-title\"><a href=\"https:\/\/igrejadagraca.pt\/en\/services\/sala-do-capitulo\/\">Chapter Room<\/a><\/h4>\r\n            \t\t<\/div>\r\n\t\t                    <div class=\"sc_services_item_content\"><p>Tiles that tell stories<\/p>\n<\/div><div class=\"sc_services_item_button sc_item_button\">\r\n            <a href=\"https:\/\/igrejadagraca.pt\/en\/services\/sala-do-capitulo\/\" class=\"sc_services_item_more_link\">\r\n                <span class=\"link_text\">Read more<\/span><span class=\"link_icon\"><\/span>\r\n            <\/a>\r\n            <\/div><\/div>\r\n<\/div>\r\n<\/div><div class=\"trx_addons_column-1_3\"><div data-post-id=\"23939\" class=\"sc_services_item sc_item_container post_container with_content with_image sc_services_item_featured_top post-23939 cpt_services type-cpt_services status-publish has-post-thumbnail hentry cpt_services_group-general\" data-item-number=\"4\"\r\n>\r\n\t<div class=\"post_featured with_thumb hover_link sc_services_item_thumb\"><img loading=\"lazy\" decoding=\"async\" width=\"890\" height=\"664\" src=\"https:\/\/igrejadagraca.pt\/wp-content\/uploads\/2023\/08\/Imagem_claustro-superior-890x664.jpg\" class=\"attachment-grace-church-thumb-square size-grace-church-thumb-square wp-post-image\" alt=\"\" \/>\t\t\t\t\t\t<div class=\"mask\"><\/div>\n\t\t\t\t\t\t<a class=\"post_link sc_services_item_link\" href=\"https:\/\/igrejadagraca.pt\/en\/services\/claustro-superior\/\"><\/a>\t\t\t<a href=\"https:\/\/igrejadagraca.pt\/en\/services\/claustro-superior\/\"  aria-hidden=\"true\" class=\"link\"><\/a>\r\n\t\t\t<\/div>\t\r\n\t<div class=\"sc_services_item_info\">\r\n\t\t\t\t<div class=\"sc_services_item_header\">\r\n\t\t\t\t\t\t<h4 class=\"sc_services_item_title entry-title\"><a href=\"https:\/\/igrejadagraca.pt\/en\/services\/claustro-superior\/\">Upper Cloister<\/a><\/h4>\r\n            \t\t<\/div>\r\n\t\t                    <div class=\"sc_services_item_content\"><p>The path where kings and nobles ascended to the balconies<\/p>\n<\/div><div class=\"sc_services_item_button sc_item_button\">\r\n            <a href=\"https:\/\/igrejadagraca.pt\/en\/services\/claustro-superior\/\" class=\"sc_services_item_more_link\">\r\n                <span class=\"link_text\">Read more<\/span><span class=\"link_icon\"><\/span>\r\n            <\/a>\r\n            <\/div><\/div>\r\n<\/div>\r\n<\/div><div class=\"trx_addons_column-1_3\"><div data-post-id=\"23940\" class=\"sc_services_item sc_item_container post_container with_content with_image sc_services_item_featured_top post-23940 cpt_services type-cpt_services status-publish has-post-thumbnail hentry cpt_services_group-general\" data-item-number=\"5\"\r\n>\r\n\t<div class=\"post_featured with_thumb hover_link sc_services_item_thumb\"><img loading=\"lazy\" decoding=\"async\" width=\"890\" height=\"664\" src=\"https:\/\/igrejadagraca.pt\/wp-content\/uploads\/2023\/08\/Sacristia3-890x664.jpg\" class=\"attachment-grace-church-thumb-square size-grace-church-thumb-square wp-post-image\" alt=\"\" \/>\t\t\t\t\t\t<div class=\"mask\"><\/div>\n\t\t\t\t\t\t<a class=\"post_link sc_services_item_link\" href=\"https:\/\/igrejadagraca.pt\/en\/services\/sacristia\/\"><\/a>\t\t\t<a href=\"https:\/\/igrejadagraca.pt\/en\/services\/sacristia\/\"  aria-hidden=\"true\" class=\"link\"><\/a>\r\n\t\t\t<\/div>\t\r\n\t<div class=\"sc_services_item_info\">\r\n\t\t\t\t<div class=\"sc_services_item_header\">\r\n\t\t\t\t\t\t<h4 class=\"sc_services_item_title entry-title\"><a href=\"https:\/\/igrejadagraca.pt\/en\/services\/sacristia\/\">Sacristy<\/a><\/h4>\r\n            \t\t<\/div>\r\n\t\t                    <div class=\"sc_services_item_content\"><p>Silent guardian of spirituality<\/p>\n<\/div><div class=\"sc_services_item_button sc_item_button\">\r\n            <a href=\"https:\/\/igrejadagraca.pt\/en\/services\/sacristia\/\" class=\"sc_services_item_more_link\">\r\n                <span class=\"link_text\">Read more<\/span><span class=\"link_icon\"><\/span>\r\n            <\/a>\r\n            <\/div><\/div>\r\n<\/div>\r\n<\/div><div class=\"trx_addons_column-1_3\"><div data-post-id=\"23944\" class=\"sc_services_item sc_item_container post_container with_content with_image sc_services_item_featured_top post-23944 cpt_services type-cpt_services status-publish has-post-thumbnail hentry cpt_services_group-general\" data-item-number=\"6\"\r\n>\r\n\t<div class=\"post_featured with_thumb hover_link sc_services_item_thumb\"><img loading=\"lazy\" decoding=\"async\" width=\"890\" height=\"664\" src=\"https:\/\/igrejadagraca.pt\/wp-content\/uploads\/2023\/08\/Salao-Nobre1-890x664.jpg\" class=\"attachment-grace-church-thumb-square size-grace-church-thumb-square wp-post-image\" alt=\"\" \/>\t\t\t\t\t\t<div class=\"mask\"><\/div>\n\t\t\t\t\t\t<a class=\"post_link sc_services_item_link\" href=\"https:\/\/igrejadagraca.pt\/en\/services\/salao-nobre\/\"><\/a>\t\t\t<a href=\"https:\/\/igrejadagraca.pt\/en\/services\/salao-nobre\/\"  aria-hidden=\"true\" class=\"link\"><\/a>\r\n\t\t\t<\/div>\t\r\n\t<div class=\"sc_services_item_info\">\r\n\t\t\t\t<div class=\"sc_services_item_header\">\r\n\t\t\t\t\t\t<h4 class=\"sc_services_item_title entry-title\"><a href=\"https:\/\/igrejadagraca.pt\/en\/services\/salao-nobre\/\">Great Hall<\/a><\/h4>\r\n            \t\t<\/div>\r\n\t\t                    <div class=\"sc_services_item_content\"><p>Privileged reception place<\/p>\n<\/div><div class=\"sc_services_item_button sc_item_button\">\r\n            <a href=\"https:\/\/igrejadagraca.pt\/en\/services\/salao-nobre\/\" class=\"sc_services_item_more_link\">\r\n                <span class=\"link_text\">Read more<\/span><span class=\"link_icon\"><\/span>\r\n            <\/a>\r\n            <\/div><\/div>\r\n<\/div>\r\n<\/div><\/div><\/div>\t\t\t\t<\/div>\n\t\t\t\t<\/div>\n\t\t\t\t<div class=\"elementor-element elementor-element-abc95ba sc_height_huge sc_fly_static elementor-widget elementor-widget-spacer\" data-id=\"abc95ba\" data-element_type=\"widget\" data-e-type=\"widget\" data-widget_type=\"spacer.default\">\n\t\t\t\t<div class=\"elementor-widget-container\">\n\t\t\t\t\t\t\t<div class=\"elementor-spacer\">\n\t\t\t<div class=\"elementor-spacer-inner\"><\/div>\n\t\t<\/div>\n\t\t\t\t\t\t<\/div>\n\t\t\t\t<\/div>\n\t\t\t\t\t<\/div>\n\t\t<\/div>\n\t\t\t\t\t<\/div>\n\t\t<\/section>\n\t\t\t\t<\/div>","protected":false},"excerpt":{"rendered":"<p>convento Uma hist\u00f3ria com s\u00e9culos O Convento de Nossa Senhora da Gra\u00e7a \u00e9 um dos mais imponentes conjuntos conventuais de Lisboa. As suas origens remontam a 1271, ano em que&hellip;<\/p>","protected":false},"author":2,"featured_media":0,"parent":0,"menu_order":0,"comment_status":"closed","ping_status":"closed","template":"","meta":{"give_campaign_id":0,"om_disable_all_campaigns":false,"_monsterinsights_skip_tracking":false,"_monsterinsights_sitenote_active":false,"_monsterinsights_sitenote_note":"","_monsterinsights_sitenote_category":0,"_uf_show_specific_survey":0,"_uf_disable_surveys":false,"footnotes":""},"class_list":["post-18557","page","type-page","status-publish","hentry"],"aioseo_notices":[],"campaignId":"","_links":{"self":[{"href":"https:\/\/igrejadagraca.pt\/en\/wp-json\/wp\/v2\/pages\/18557","targetHints":{"allow":["GET"]}}],"collection":[{"href":"https:\/\/igrejadagraca.pt\/en\/wp-json\/wp\/v2\/pages"}],"about":[{"href":"https:\/\/igrejadagraca.pt\/en\/wp-json\/wp\/v2\/types\/page"}],"author":[{"embeddable":true,"href":"https:\/\/igrejadagraca.pt\/en\/wp-json\/wp\/v2\/users\/2"}],"replies":[{"embeddable":true,"href":"https:\/\/igrejadagraca.pt\/en\/wp-json\/wp\/v2\/comments?post=18557"}],"version-history":[{"count":74,"href":"https:\/\/igrejadagraca.pt\/en\/wp-json\/wp\/v2\/pages\/18557\/revisions"}],"predecessor-version":[{"id":25563,"href":"https:\/\/igrejadagraca.pt\/en\/wp-json\/wp\/v2\/pages\/18557\/revisions\/25563"}],"wp:attachment":[{"href":"https:\/\/igrejadagraca.pt\/en\/wp-json\/wp\/v2\/media?parent=18557"}],"curies":[{"name":"wp","href":"https:\/\/api.w.org\/{rel}","templated":true}]}}